{"id":355,"date":"2021-12-21T12:21:11","date_gmt":"2021-12-21T12:21:11","guid":{"rendered":"https:\/\/si.eurodieta.eu\/?page_id=355"},"modified":"2026-03-13T13:04:17","modified_gmt":"2026-03-13T13:04:17","slug":"o-nama","status":"publish","type":"page","link":"https:\/\/si.eurodieta.eu\/sl\/o-nama\/","title":{"rendered":"About us"},"content":{"rendered":"<div class=\"wpb-content-wrapper\"><div class=\"vc_row wpb_row vc_row-fluid vc_column-gap-24\" >\n\t<div class=\"container et-clearfix\">\n\t\t<div class=\"wpb_column vc_column_container vc_col-sm-12 text-align-none\" >\n\t<div class=\"vc_column-inner vci\" >\n\t\t<div class=\"wpb_wrapper\">\n\t\t\t\n<div class=\"wpb_text_column wpb_content_element\"  data-del=\"0\">\n\t<div class=\"wpb_wrapper\">\n\t\t<section style=\"max-width: 900px; margin: 0 auto; padding: 40px 24px; font-family: Arial,Helvetica,sans-serif; line-height: 1.7; color: #222;\">\n<h1 style=\"font-size: 34px; margin-bottom: 20px;\">O nama<\/h1>\n<p><strong>LIPOSUCTION DIET, prehransko svetovanje d.o.o.<\/strong> je tvrtka specijalizirana za nutricionisti\u010dko savjetovanje, razvoj prehrambenih protokola i edukaciju u podru\u010dju metabolizma, prehrane i zdravog na\u010dina \u017eivota. Sjedi\u0161te dru\u0161tva nalazi se u Ljubljani, a djelatnost obuhva\u0107a rad s klijentima iz cijele Europe i \u0161ire regije.<\/p>\n<p>Na\u0161 pristup temelji se na suvremenim znanstvenim spoznajama iz podru\u010dja nutricionizma, metabolizma i biolo\u0161ke regulacije organizma. Poseban fokus stavljamo na individualni pristup svakoj osobi, jer smatramo da prehrana i metaboli\u010dki odgovor organizma nisu isti kod svih ljudi.<\/p>\n<p>U radu koristimo detaljnu analizu \u017eivotnih navika, prehrambenih obrazaca i metaboli\u010dkih parametara kako bismo kreirali personalizirane nutricionisti\u010dke strategije. Cilj takvog pristupa je optimizacija metabolizma, pobolj\u0161anje zdravstvenog stanja i dugoro\u010dno odr\u017eavanje rezultata.<\/p>\n<p>Osniva\u010d i direktor dru\u0161tva je <strong>Kenan Mandra<\/strong>, nutricionist i autor programa <strong>Prehrana pri liposukciji<\/strong>, koji je kroz godine rada razvio metode prehrambene regulacije usmjerene na metaboli\u010dku ravnote\u017eu organizma. Program je primijenjen kod velikog broja klijenata te se kontinuirano razvija kroz prakti\u010dan rad i nova znanstvena saznanja.<\/p>\n<p>Kroz na\u0161e savjetovanje i edukativne programe poma\u017eemo ljudima da bolje razumiju vlastiti metabolizam, usvoje odr\u017eive prehrambene navike i postignu dugoro\u010dne rezultate u regulaciji tjelesne mase i zdravlja.<\/p>\n<p>Osim savjetodavnih usluga, dru\u0161tvo razvija i proizvode namijenjene podr\u0161ci zdravom na\u010dinu \u017eivota, uklju\u010duju\u0107i dodatke prehrani i funkcionalne prehrambene proizvode koji su osmi\u0161ljeni kao podr\u0161ka pravilnoj prehrani i metaboli\u010dkoj ravnote\u017ei.<\/p>\n<p>Na\u0161a misija je povezati znanstveni pristup nutricionizmu s prakti\u010dnim rje\u0161enjima koja su primjenjiva u svakodnevnom \u017eivotu, te pru\u017eiti klijentima jasne, razumljive i u\u010dinkovite smjernice za unapre\u0111enje zdravlja.<\/p>\n<\/section>\n\t<\/div>\n<\/div>\n\n\t\t<\/div>\n\t\t<div class=\"col-back\">\n\t\t\t\t\t<\/div>\n\t<\/div>\n<\/div>\t<\/div>\n\t<div class=\"row-back\">\n\t\t\t\t\t<\/div>\n<\/div>\n<\/div>","protected":false},"excerpt":{"rendered":"O nama LIPOSUCTION DIET, prehransko svetovanje d.o.o. je tvrtka specijalizirana za nutricionisti\u010dko savjetovanje, razvoj prehrambenih protokola i edukaciju u podru\u010dju metabolizma, prehrane i zdravog na\u010dina \u017eivota. Sjedi\u0161te dru\u0161tva nalazi se u Ljubljani, a djelatnost obuhva\u0107a rad s klijentima iz cijele Europe i \u0161ire regije. Na\u0161 pristup temelji se na suvremenim znanstvenim spoznajama iz podru\u010dja nutricionizma, [...]","protected":false},"author":2,"featured_media":0,"parent":0,"menu_order":0,"comment_status":"closed","ping_status":"closed","template":"page-vc.php","meta":{"footnotes":""},"class_list":["post-355","page","type-page","status-publish","hentry"],"aioseo_notices":[],"_links":{"self":[{"href":"https:\/\/si.eurodieta.eu\/sl\/wp-json\/wp\/v2\/pages\/355","targetHints":{"allow":["GET"]}}],"collection":[{"href":"https:\/\/si.eurodieta.eu\/sl\/wp-json\/wp\/v2\/pages"}],"about":[{"href":"https:\/\/si.eurodieta.eu\/sl\/wp-json\/wp\/v2\/types\/page"}],"author":[{"embeddable":true,"href":"https:\/\/si.eurodieta.eu\/sl\/wp-json\/wp\/v2\/users\/2"}],"replies":[{"embeddable":true,"href":"https:\/\/si.eurodieta.eu\/sl\/wp-json\/wp\/v2\/comments?post=355"}],"version-history":[{"count":4,"href":"https:\/\/si.eurodieta.eu\/sl\/wp-json\/wp\/v2\/pages\/355\/revisions"}],"predecessor-version":[{"id":6981,"href":"https:\/\/si.eurodieta.eu\/sl\/wp-json\/wp\/v2\/pages\/355\/revisions\/6981"}],"wp:attachment":[{"href":"https:\/\/si.eurodieta.eu\/sl\/wp-json\/wp\/v2\/media?parent=355"}],"curies":[{"name":"wp","href":"https:\/\/api.w.org\/{rel}","templated":true}]}}