{"id":357,"date":"2021-12-21T12:21:26","date_gmt":"2021-12-21T12:21:26","guid":{"rendered":"https:\/\/si.eurodieta.eu\/?page_id=357"},"modified":"2026-03-17T17:04:30","modified_gmt":"2026-03-17T17:04:30","slug":"contact-us","status":"publish","type":"page","link":"https:\/\/si.eurodieta.eu\/sl\/contact-us\/","title":{"rendered":"Contact us"},"content":{"rendered":"<div class=\"wpb-content-wrapper\"><div class=\"vc_row wpb_row vc_row-fluid vc_column-gap-40 vc-row-320238\" >\n\t<div class=\"container et-clearfix\">\n\t\t<div class=\"wpb_column vc_column_container vc_col-sm-4 text-align-none\" >\n\t<div class=\"vc_column-inner vci \" >\n\t\t<div class=\"wpb_wrapper\">\n\t\t\t<h3 class=\"et-heading text-align-left highlight-false icon-position-left\" id=\"et-heading-188913\" ><span class=\"text-wrapper\"><span class=\"text\">Kontaktirajte nas<\/span><span class=\"curtain\"><\/span><\/span><\/h3><p class=\"et-heading text-align-left highlight-false icon-position-left\" id=\"et-heading-761663\" ><span class=\"text-wrapper\"><span class=\"text\">Svakim radnim danom <span class=\"et-gap et-clearfix et-gap-1\"><\/span>08:00 \u2013 16:00<\/span><span class=\"curtain\"><\/span><\/span><\/p><span class=\"et-gap et-clearfix et-gap-290566\"><\/span><div id=\"et-icon-box-271775\" class=\"et-icon-box vci icon-position-left icon-alignment-left animation-none small no-content\" data-effect=\"none\"><div class=\"before\"><\/div><div class=\"et-icon-box-inner et-clearfix small\"><div class=\"et-icon small\"><?xml version=\"1.0\" encoding=\"UTF-8\"?> <svg xmlns=\"http:\/\/www.w3.org\/2000\/svg\" xmlns:xlink=\"http:\/\/www.w3.org\/1999\/xlink\" width=\"100\" zoomAndPan=\"magnify\" viewBox=\"0 0 75 74.999997\" height=\"100\" preserveAspectRatio=\"xMidYMid meet\" version=\"1.0\"><defs><g><\/g><clipPath id=\"c29bc18843\"><path d=\"M 35 4.5 L 70.933594 4.5 L 70.933594 41 L 35 41 Z M 35 4.5 \" clip-rule=\"nonzero\"><\/path><\/clipPath><clipPath id=\"f8b87d4bca\"><path d=\"M 5 14 L 62 14 L 62 70.5 L 5 70.5 Z M 5 14 \" clip-rule=\"nonzero\"><\/path><\/clipPath><clipPath id=\"f39c19c7cf\"><path d=\"M 0.558594 1 L 1 1 L 1 1.878906 L 0.558594 1.878906 Z M 0.558594 1 \" clip-rule=\"nonzero\"><\/path><\/clipPath><clipPath id=\"2910a2957d\"><rect x=\"0\" width=\"2\" y=\"0\" height=\"2\"><\/rect><\/clipPath><\/defs><g clip-path=\"url(#c29bc18843)\"><path fill=\"#000000\" d=\"M 60.316406 15.117188 C 54.269531 9.074219 45.914062 5.492188 35.484375 4.476562 L 35.230469 7.074219 C 45.042969 8.03125 52.859375 11.363281 58.464844 16.96875 C 64.070312 22.574219 67.398438 30.390625 68.359375 40.203125 L 70.957031 39.945312 C 69.941406 29.519531 66.359375 21.160156 60.316406 15.117188 \" fill-opacity=\"1\" fill-rule=\"nonzero\"><\/path><\/g><path fill=\"#000000\" d=\"M 49.765625 40.347656 L 52.351562 39.980469 C 51.613281 34.8125 49.894531 30.847656 47.238281 28.195312 C 44.582031 25.539062 40.617188 23.816406 35.453125 23.078125 L 35.085938 25.664062 C 39.675781 26.320312 43.140625 27.792969 45.390625 30.042969 C 47.636719 32.289062 49.109375 35.753906 49.765625 40.347656 \" fill-opacity=\"1\" fill-rule=\"nonzero\"><\/path><path fill=\"#000000\" d=\"M 35.460938 13.753906 L 35.164062 16.347656 C 42.371094 17.175781 48.007812 19.582031 51.929688 23.5 C 55.847656 27.421875 58.257812 33.0625 59.082031 40.265625 L 61.679688 39.96875 C 60.785156 32.164062 58.125 26 53.777344 21.65625 C 49.429688 17.308594 43.269531 14.648438 35.460938 13.753906 \" fill-opacity=\"1\" fill-rule=\"nonzero\"><\/path><g clip-path=\"url(#f8b87d4bca)\"><path fill=\"#000000\" d=\"M 53.414062 49.371094 C 51.367188 47.320312 48.039062 47.320312 45.992188 49.371094 L 42.050781 53.308594 C 41.394531 53.964844 40.386719 54.097656 39.570312 53.652344 C 35.957031 51.6875 32.519531 49.140625 29.40625 46.023438 C 26.292969 42.910156 23.746094 39.472656 21.777344 35.859375 C 21.332031 35.046875 21.464844 34.039062 22.121094 33.382812 L 26.0625 29.441406 C 28.113281 27.390625 28.113281 24.066406 26.0625 22.019531 L 19.90625 15.859375 C 17.855469 13.808594 14.53125 13.808594 12.480469 15.859375 L 8.003906 20.335938 C 5.855469 22.480469 4.964844 25.589844 5.664062 28.546875 C 7.902344 38.007812 12.890625 47.226562 20.546875 54.882812 C 28.207031 62.539062 37.425781 67.53125 46.886719 69.769531 C 49.84375 70.46875 52.949219 69.578125 55.097656 67.429688 L 59.574219 62.953125 C 61.625 60.902344 61.625 57.578125 59.574219 55.527344 L 53.414062 49.371094 \" fill-opacity=\"1\" fill-rule=\"nonzero\"><\/path><\/g><g transform=\"matrix(1, 0, 0, 1, 70, 67)\"><g clip-path=\"url(#2910a2957d)\"><g clip-path=\"url(#f39c19c7cf)\"><g fill=\"#ffffff\" fill-opacity=\"1\"><g transform=\"translate(0.66816, 1.399996)\"><g><path d=\"M 0.125 0 C 0.113281 0 0.101562 -0.00390625 0.09375 -0.015625 C 0.0820312 -0.0234375 0.078125 -0.0351562 0.078125 -0.046875 C 0.078125 -0.0664062 0.0820312 -0.0820312 0.09375 -0.09375 C 0.101562 -0.101562 0.113281 -0.109375 0.125 -0.109375 C 0.144531 -0.109375 0.160156 -0.101562 0.171875 -0.09375 C 0.179688 -0.0820312 0.1875 -0.0664062 0.1875 -0.046875 C 0.1875 -0.0351562 0.179688 -0.0234375 0.171875 -0.015625 C 0.160156 -0.00390625 0.144531 0 0.125 0 Z M 0.125 0 \"><\/path><\/g><\/g><\/g><\/g><\/g><\/g><\/svg> <\/div><div class=\"et-icon-content\"><h4 class=\"et-icon-box-title\">+386 (0)59 759 749<\/h4><\/div><\/div><\/div><span class=\"et-gap et-clearfix et-gap-950146\"><\/span><p class=\"et-heading text-align-left highlight-false icon-position-left\" id=\"et-heading-887141\" ><span class=\"text-wrapper\"><span class=\"text\">Broj je dostupan i za poruke putem whatsup<\/span><span class=\"curtain\"><\/span><\/span><\/p><span class=\"et-gap et-clearfix et-gap-489300\"><\/span><p class=\"et-heading text-align-left highlight-false icon-position-left\" id=\"et-heading-551612\" ><span class=\"text-wrapper\"><span class=\"text\">Email: <span style=\"text-decoration: underline;\">inbox@eurodieta.com<\/span><\/span><span class=\"curtain\"><\/span><\/span><\/p><span class=\"et-gap et-clearfix et-gap-489300\"><\/span><div id=\"et-icon-box-929976\" class=\"et-icon-box vci icon-position-left icon-alignment-left animation-none small no-content\" data-effect=\"none\"><div class=\"before\"><\/div><div class=\"et-icon-box-inner et-clearfix small\"><div class=\"et-icon small\"><?xml version=\"1.0\" encoding=\"UTF-8\"?> <svg xmlns=\"http:\/\/www.w3.org\/2000\/svg\" xmlns:xlink=\"http:\/\/www.w3.org\/1999\/xlink\" width=\"100\" zoomAndPan=\"magnify\" viewBox=\"0 0 75 74.999997\" height=\"100\" preserveAspectRatio=\"xMidYMid meet\" version=\"1.0\"><defs><g><\/g><clipPath id=\"2df02d2589\"><path d=\"M 16.152344 5.699219 L 58.902344 5.699219 L 58.902344 69.449219 L 16.152344 69.449219 Z M 16.152344 5.699219 \" clip-rule=\"nonzero\"><\/path><\/clipPath><clipPath id=\"e2c4e2d4fd\"><path d=\"M 0.558594 1 L 1 1 L 1 1.878906 L 0.558594 1.878906 Z M 0.558594 1 \" clip-rule=\"nonzero\"><\/path><\/clipPath><clipPath id=\"2cdfc3c6c1\"><rect x=\"0\" width=\"2\" y=\"0\" height=\"2\"><\/rect><\/clipPath><\/defs><g clip-path=\"url(#2df02d2589)\"><path fill=\"#000000\" d=\"M 16.136719 27.21875 C 16.136719 15.390625 25.714844 5.804688 37.527344 5.804688 C 49.339844 5.804688 58.917969 15.390625 58.917969 27.21875 C 58.917969 38.59375 47.097656 52.515625 38.859375 60.320312 C 38.113281 61.03125 36.945312 61.03125 36.195312 60.320312 C 27.957031 52.515625 16.136719 38.59375 16.136719 27.21875 Z M 29.410156 55.382812 C 21.875 56.484375 16.585938 59.066406 16.585938 62.078125 C 16.585938 66.089844 25.960938 69.339844 37.527344 69.339844 C 49.09375 69.339844 58.472656 66.089844 58.472656 62.078125 C 58.472656 59.066406 53.179688 56.484375 45.644531 55.382812 L 45.488281 55.554688 C 50.269531 56.511719 53.484375 58.300781 53.484375 60.347656 C 53.484375 63.40625 46.339844 65.882812 37.527344 65.882812 C 28.714844 65.882812 21.574219 63.40625 21.574219 60.347656 C 21.574219 58.300781 24.789062 56.511719 29.566406 55.554688 Z M 37.527344 17.40625 C 32.113281 17.40625 27.726562 21.800781 27.726562 27.21875 C 27.726562 32.636719 32.113281 37.027344 37.527344 37.027344 C 42.941406 37.027344 47.328125 32.636719 47.328125 27.21875 C 47.328125 21.800781 42.941406 17.40625 37.527344 17.40625 Z M 37.527344 17.40625 \" fill-opacity=\"1\" fill-rule=\"evenodd\"><\/path><\/g><g transform=\"matrix(1, 0, 0, 1, 70, 67)\"><g clip-path=\"url(#2cdfc3c6c1)\"><g clip-path=\"url(#e2c4e2d4fd)\"><g fill=\"#ffffff\" fill-opacity=\"1\"><g transform=\"translate(0.66816, 1.399996)\"><g><path d=\"M 0.125 0 C 0.113281 0 0.101562 -0.00390625 0.09375 -0.015625 C 0.0820312 -0.0234375 0.078125 -0.0351562 0.078125 -0.046875 C 0.078125 -0.0664062 0.0820312 -0.0820312 0.09375 -0.09375 C 0.101562 -0.101562 0.113281 -0.109375 0.125 -0.109375 C 0.144531 -0.109375 0.160156 -0.101562 0.171875 -0.09375 C 0.179688 -0.0820312 0.1875 -0.0664062 0.1875 -0.046875 C 0.1875 -0.0351562 0.179688 -0.0234375 0.171875 -0.015625 C 0.160156 -0.00390625 0.144531 0 0.125 0 Z M 0.125 0 \"><\/path><\/g><\/g><\/g><\/g><\/g><\/g><\/svg> <\/div><div class=\"et-icon-content\"><h4 class=\"et-icon-box-title\">Ljubljana<\/h4><\/div><\/div><\/div><span class=\"et-gap et-clearfix et-gap-950146\"><\/span><p class=\"et-heading text-align-left highlight-false icon-position-left\" id=\"et-heading-229924\" ><span class=\"text-wrapper\"><span class=\"text\">Poljanski nasip 6, Ljubljana Slovenija<\/span><span class=\"curtain\"><\/span><\/span><\/p><span class=\"et-gap et-clearfix et-gap-489300\"><\/span><div class=\"wpb_gmaps_widget wpb_content_element vc_map_responsive\"><div class=\"wpb_wrapper\"><div class=\"wpb_map_wraper\"><iframe loading=\"lazy\" src=\"https:\/\/maps.google.com\/maps?q=Poljanski%20nasip%206%2C%20Ljubljana&#038;t=m&#038;z=10&#038;output=embed&#038;iwloc=near\" title=\"Poljanski nasip 6, Ljubljana\" aria-label=\"Poljanski nasip 6, Ljubljana\" ><\/iframe><\/div><\/div><\/div><span class=\"et-gap et-clearfix et-gap-500353\"><\/span>\t\t<\/div>\n\t\t<div class=\"col-back\">\n\t\t\t\t\t<\/div>\n\t<\/div>\n<\/div><div class=\"wpb_column vc_column_container vc_col-sm-8 text-align-none\" >\n\t<div class=\"vc_column-inner vci \" >\n\t\t<div class=\"wpb_wrapper\">\n\t\t\t<div class=\"vc_row wpb_row vc_inner vc_row-fluid vc_column-gap-24 vc_row-o-content-bottom vc_row-flex vc-row-231324\"><div class=\"wpb_column vc_column_container vc_col-sm-12 vc_col-lg-8 vc_col-md-6 vc_col-xs-12\"><div class=\"vc_column-inner\"><div class=\"wpb_wrapper\"><h3 class=\"et-heading text-align-left highlight-false icon-position-left\" id=\"et-heading-34368\" ><span class=\"text-wrapper\"><span class=\"text\">Pi\u0161ite nam<\/span><span class=\"curtain\"><\/span><\/span><\/h3><p class=\"et-heading text-align-left highlight-false icon-position-left\" id=\"et-heading-480598\" ><span class=\"text-wrapper\"><span class=\"text\">Ako imate bilo kakva pitanja u vezi programa Liposukcijske dijete, proizvoda, na\u010dina narud\u017ebe ili \u017eelite dodatne informacije o savjetovanju, slobodno nam po\u0161aljite poruku.<\/span><span class=\"curtain\"><\/span><\/span><\/p><\/div><\/div><\/div><div class=\"text-align-right text768-1023-align-left text767-align-left wpb_column vc_column_container vc_col-sm-12 vc_col-lg-4 vc_col-md-6 vc_col-xs-12\"><div class=\"vc_column-inner\"><div class=\"wpb_wrapper\"><span class=\"et-gap et-clearfix et-gap-504948 hide1024\"><\/span><div id=\"et-social-links-751259\" class=\"et-social-links styling-original-false size-medium stretching-false\"><a class=\"facebook\" href=\"#link\" target=\"_self\" title=\"facebook\"><svg xmlns=\"http:\/\/www.w3.org\/2000\/svg\" viewBox=\"0 0 512 512\"><path d=\"M288 176v-64c0-17.664 14.336-32 32-32h32V0h-64c-53.024 0-96 42.976-96 96v80h-64v80h64v256h96V256h64l32-80h-96z\"\/><\/svg><\/a><a class=\"instagram\" href=\"#link\" target=\"_self\" title=\"instagram\"><svg xmlns=\"http:\/\/www.w3.org\/2000\/svg\" viewBox=\"0 0 512 512\"><path d=\"M352 0H160C71.648 0 0 71.648 0 160v192c0 88.352 71.648 160 160 160h192c88.352 0 160-71.648 160-160V160C512 71.648 440.352 0 352 0zm112 352c0 61.76-50.24 112-112 112H160c-61.76 0-112-50.24-112-112V160C48 98.24 98.24 48 160 48h192c61.76 0 112 50.24 112 112v192z\"\/><path d=\"M256 128c-70.688 0-128 57.312-128 128s57.312 128 128 128 128-57.312 128-128-57.312-128-128-128zm0 208c-44.096 0-80-35.904-80-80 0-44.128 35.904-80 80-80s80 35.872 80 80c0 44.096-35.904 80-80 80z\"\/><circle cx=\"393.6\" cy=\"118.4\" r=\"17.056\"\/><\/svg><\/a><a class=\"linkedin\" href=\"#link\" target=\"_self\" title=\"linkedin\"><svg xmlns=\"http:\/\/www.w3.org\/2000\/svg\" viewBox=\"0 0 512 512\"><path d=\"M0 160h114.496v352H0zM426.368 164.128c-1.216-.384-2.368-.8-3.648-1.152a74.218 74.218 0 00-4.64-.896c-6.08-1.216-12.736-2.08-20.544-2.08-66.752 0-109.088 48.544-123.04 67.296V160H160v352h114.496V320s86.528-120.512 123.04-32v224H512V274.464c0-53.184-36.448-97.504-85.632-110.336z\"\/><circle cx=\"56\" cy=\"56\" r=\"56\"\/><\/svg><\/a><a class=\"twitter\" href=\"#link\" target=\"_self\" title=\"twitter\"><svg xmlns=\"http:\/\/www.w3.org\/2000\/svg\" viewBox=\"0 0 512 512\"><path d=\"M384 384H256c-35.296 0-64-28.704-64-64v-32h192c35.328 0 64-28.672 64-64s-28.672-64-64-64H192V64c0-35.328-28.672-64-64-64S64 28.672 64 64v256c0 105.888 86.112 192 192 192h128c35.328 0 64-28.672 64-64s-28.672-64-64-64z\"\/><\/svg><\/a><a class=\"youtube\" href=\"#link\" target=\"_self\" title=\"youtube\"><svg xmlns=\"http:\/\/www.w3.org\/2000\/svg\" viewBox=\"0 0 512 512\"><path d=\"M490.24 113.92c-13.888-24.704-28.96-29.248-59.648-30.976C399.936 80.864 322.848 80 256.064 80c-66.912 0-144.032.864-174.656 2.912-30.624 1.76-45.728 6.272-59.744 31.008C7.36 138.592 0 181.088 0 255.904v.256c0 74.496 7.36 117.312 21.664 141.728 14.016 24.704 29.088 29.184 59.712 31.264C112.032 430.944 189.152 432 256.064 432c66.784 0 143.872-1.056 174.56-2.816 30.688-2.08 45.76-6.56 59.648-31.264C504.704 373.504 512 330.688 512 256.192v-.16-.096c0-74.848-7.296-117.344-21.76-142.016zM192 352V160l160 96-160 96z\"\/><\/svg><\/a><\/div><\/div><\/div><\/div><\/div><span class=\"et-gap et-clearfix et-gap-818394 hide767\"><\/span>\n<div class=\"wpb_text_column wpb_content_element \"  data-del=\"0\">\n\t<div class=\"wpb_wrapper\">\n\t\t<div class='fluentform ff-default fluentform_wrapper_1 ffs_default_wrap'><form data-form_id=\"1\" id=\"fluentform_1\" class=\"frm-fluent-form fluent_form_1 ff-el-form-top ff_form_instance_1_1 ff-form-loading ffs_default\" data-form_instance=\"ff_form_instance_1_1\" method=\"POST\" ><fieldset  style=\"border: none!important;margin: 0!important;padding: 0!important;background-color: transparent!important;box-shadow: none!important;outline: none!important; min-inline-size: 100%;\">\n                    <legend class=\"ff_screen_reader_title\" style=\"display: block; margin: 0!important;padding: 0!important;height: 0!important;text-indent: -999999px;width: 0!important;overflow:hidden;\">Contact Form Demo<\/legend><input type='hidden' name='__fluent_form_embded_post_id' value='357' \/><input type=\"hidden\" id=\"_fluentform_1_fluentformnonce\" name=\"_fluentform_1_fluentformnonce\" value=\"e5321696b9\" \/><input type=\"hidden\" name=\"_wp_http_referer\" value=\"\/sl\/wp-json\/wp\/v2\/pages\/357\" \/><div data-type=\"name-element\" data-name=\"names\" class=\" ff-field_container ff-name-field-wrapper\" ><div class='ff-t-container'><div class='ff-t-cell '><div class='ff-el-group'><div class=\"ff-el-input--label asterisk-right\"><label for='ff_1_names_first_name_' id='label_ff_1_names_first_name_' >Ime<\/label><\/div><div class='ff-el-input--content'><input type=\"text\" name=\"names[first_name]\" id=\"ff_1_names_first_name_\" class=\"ff-el-form-control\" placeholder=\"Ime\" aria-invalid=\"false\" aria-required=false><\/div><\/div><\/div><div class='ff-t-cell '><div class='ff-el-group'><div class=\"ff-el-input--label asterisk-right\"><label for='ff_1_names_last_name_' id='label_ff_1_names_last_name_' >Prezime<\/label><\/div><div class='ff-el-input--content'><input type=\"text\" name=\"names[last_name]\" id=\"ff_1_names_last_name_\" class=\"ff-el-form-control\" placeholder=\"Prezime\" aria-invalid=\"false\" aria-required=false><\/div><\/div><\/div><\/div><\/div><div class='ff-el-group'><div class=\"ff-el-input--label ff-el-is-required asterisk-right\"><label for='ff_1_email' id='label_ff_1_email' aria-label=\"Email\">Email<\/label><\/div><div class='ff-el-input--content'><input type=\"email\" name=\"email\" id=\"ff_1_email\" class=\"ff-el-form-control\" placeholder=\"Email adresa\" data-name=\"email\"  aria-invalid=\"false\" aria-required=true><\/div><\/div><div class='ff-el-group'><div class=\"ff-el-input--label asterisk-right\"><label for='ff_1_subject' id='label_ff_1_subject' aria-label=\"Predmet\">Predmet<\/label><\/div><div class='ff-el-input--content'><input type=\"text\" name=\"subject\" class=\"ff-el-form-control\" placeholder=\"Predmet\" data-name=\"subject\" id=\"ff_1_subject\"  aria-invalid=\"false\" aria-required=false><\/div><\/div><div class='ff-el-group'><div class=\"ff-el-input--label ff-el-is-required asterisk-right\"><label for='ff_1_message' id='label_ff_1_message' aria-label=\"Va\u0161a poruka\">Va\u0161a poruka<\/label><\/div><div class='ff-el-input--content'><textarea aria-required=\"true\" aria-labelledby=\"label_ff_1_message\" name=\"message\" id=\"ff_1_message\" class=\"ff-el-form-control\" placeholder=\"Va\u0161a poruka\" rows=\"4\" cols=\"2\" data-name=\"message\" ><\/textarea><\/div><\/div><div class='ff-el-group ff-text-left ff_submit_btn_wrapper'><button type=\"submit\" class=\"ff-btn ff-btn-submit ff-btn-md ff_btn_style\"  aria-label=\"Po\u0161alji\">Po\u0161alji<\/button><\/div><\/fieldset><\/form><div id='fluentform_1_errors' class='ff-errors-in-stack ff_form_instance_1_1 ff-form-loading_errors ff_form_instance_1_1_errors'><\/div><\/div>            <script type=\"text\/javascript\">\n                window.fluent_form_ff_form_instance_1_1 = {\"id\":\"1\",\"settings\":{\"layout\":{\"labelPlacement\":\"top\",\"helpMessagePlacement\":\"with_label\",\"errorMessagePlacement\":\"inline\",\"cssClassName\":\"\",\"asteriskPlacement\":\"asterisk-right\"},\"restrictions\":{\"denyEmptySubmission\":{\"enabled\":false}}},\"form_instance\":\"ff_form_instance_1_1\",\"form_id_selector\":\"fluentform_1\",\"rules\":{\"names[first_name]\":{\"required\":{\"value\":false,\"message\":\"This field is required\",\"global\":false,\"global_message\":\"This field is required\"}},\"names[middle_name]\":{\"required\":{\"value\":false,\"message\":\"This field is required\",\"global\":false,\"global_message\":\"This field is required\"}},\"names[last_name]\":{\"required\":{\"value\":false,\"message\":\"This field is required\",\"global\":false,\"global_message\":\"This field is required\"}},\"email\":{\"required\":{\"value\":true,\"message\":\"This field is required\",\"global\":false,\"global_message\":\"This field is required\"},\"email\":{\"value\":true,\"message\":\"This field must contain a valid email\",\"global\":false,\"global_message\":\"This field must contain a valid email\"}},\"subject\":{\"required\":{\"value\":false,\"message\":\"This field is required\",\"global\":false,\"global_message\":\"This field is required\"}},\"message\":{\"required\":{\"value\":true,\"message\":\"This field is required\",\"global\":false,\"global_message\":\"This field is required\"}}},\"debounce_time\":300};\n                            <\/script>\n            \n\t<\/div>\n<\/div>\n\n\t\t<\/div>\n\t\t<div class=\"col-back\">\n\t\t\t\t\t<\/div>\n\t<\/div>\n<\/div>\t<\/div>\n\t<div class=\"row-back\">\n\t\t\t\t\t<\/div>\n<\/div>\n<\/div>","protected":false},"excerpt":{"rendered":"Kontaktirajte nasSvakim radnim danom 08:00 \u2013 16:00 +386 (0)59 759 749Broj je dostupan i za poruke putem whatsupEmail: inbox@eurodieta.com LjubljanaPoljanski nasip 6, Ljubljana Slovenija Pi\u0161ite namAko imate bilo kakva pitanja u vezi programa Liposukcijske dijete, proizvoda, na\u010dina narud\u017ebe ili \u017eelite dodatne informacije o savjetovanju, slobodno nam po\u0161aljite poruku. Contact Form DemoImePrezimeEmailPredmetVa\u0161a porukaPo\u0161alji","protected":false},"author":2,"featured_media":0,"parent":0,"menu_order":0,"comment_status":"closed","ping_status":"closed","template":"page-vc.php","meta":{"footnotes":""},"class_list":["post-357","page","type-page","status-publish","hentry"],"aioseo_notices":[],"_links":{"self":[{"href":"https:\/\/si.eurodieta.eu\/sl\/wp-json\/wp\/v2\/pages\/357","targetHints":{"allow":["GET"]}}],"collection":[{"href":"https:\/\/si.eurodieta.eu\/sl\/wp-json\/wp\/v2\/pages"}],"about":[{"href":"https:\/\/si.eurodieta.eu\/sl\/wp-json\/wp\/v2\/types\/page"}],"author":[{"embeddable":true,"href":"https:\/\/si.eurodieta.eu\/sl\/wp-json\/wp\/v2\/users\/2"}],"replies":[{"embeddable":true,"href":"https:\/\/si.eurodieta.eu\/sl\/wp-json\/wp\/v2\/comments?post=357"}],"version-history":[{"count":8,"href":"https:\/\/si.eurodieta.eu\/sl\/wp-json\/wp\/v2\/pages\/357\/revisions"}],"predecessor-version":[{"id":7727,"href":"https:\/\/si.eurodieta.eu\/sl\/wp-json\/wp\/v2\/pages\/357\/revisions\/7727"}],"wp:attachment":[{"href":"https:\/\/si.eurodieta.eu\/sl\/wp-json\/wp\/v2\/media?parent=357"}],"curies":[{"name":"wp","href":"https:\/\/api.w.org\/{rel}","templated":true}]}}