{"id":3262,"date":"2026-03-05T02:56:04","date_gmt":"2026-03-05T02:56:04","guid":{"rendered":"https:\/\/si.eurodieta.eu\/?post_type=product&#038;p=3262"},"modified":"2026-03-15T13:16:07","modified_gmt":"2026-03-15T13:16:07","slug":"individualna-nutricionisticka-konzultacija","status":"publish","type":"product","link":"https:\/\/si.eurodieta.eu\/sl\/product\/individualna-nutricionisticka-konzultacija\/","title":{"rendered":"Individualno osebno svetovanje o prehrani (60 min)"},"content":{"rendered":"<p><strong>Konzultacija u\u017eivo u ordinaciji<\/strong><\/p>\n<p>Konzultacija u\u017eivo podrazumijeva individualni stru\u010dni pregled i detaljan razgovor o Va\u0161em zdravstvenom stanju, prehrani i metaboli\u010dkom statusu. Tokom konzultacije analiziraju se Va\u0161i laboratorijski nalazi (krvna slika i biokemija), simptomi, postoje\u0107e dijagnoze, terapija koju koristite te Va\u0161e svakodnevne prehrambene navike i na\u010din \u017eivota.<\/p>\n<p>Na temelju tih informacija procjenjuje se stanje metabolizma i utvr\u0111uju mogu\u0107i uzroci tegoba poput prekomjerne tjelesne mase, inzulinske rezistencije, hormonskih poreme\u0107aja, probavnih problema ili stagnacije u mr\u0161avljenju. Cilj konzultacije je razumjeti kako Va\u0161 organizam funkcionira i definirati <strong>regulacijski pristup prehrani<\/strong> koji \u0107e pomo\u0107i stabilizaciji metabolizma i postizanju \u017eeljenih zdravstvenih ciljeva.<\/p>\n<p>Tokom razgovora prolazimo kroz Va\u0161e nalaze, obja\u0161njavamo zna\u010denje pojedinih parametara te odre\u0111ujemo strategiju prehrane i eventualnu <strong>ciljanu suplementaciju<\/strong> ukoliko je ona potrebna. Konzultacija uklju\u010duje i stru\u010dne preporuke za daljnje korake \u2013 promjene prehrambenih navika, korekciju \u017eivotnog stila i plan daljnjeg nutricionisti\u010dkog rada.<\/p>\n<p>Na temelju procjene i dogovora mogu\u0107e je nastaviti rad kroz <strong>individualni nutricionisti\u010dki program<\/strong>, koji uklju\u010duje izradu personaliziranog jelovnika, pra\u0107enje napretka i prilagodbu plana prema reakciji organizma.<\/p>\n<pre><script>\n  if (typeof hasAmeliaEvent === 'undefined') {\n    var hasAmeliaEvent = true;\n  }\n  if (typeof hasEventApiCall === 'undefined' && ('' === '' && '' !== '1')) {\n    var hasEventApiCall = true;\n  }\n  var hasEventShortcode = (typeof hasEventShortcode === 'undefined') ? false : true;\n  var ameliaShortcodeData = (typeof ameliaShortcodeData === 'undefined') ? [] : ameliaShortcodeData;\n  ameliaShortcodeData.push(\n    {\n      'hasApiCall': (typeof hasEventApiCall !== 'undefined') && hasEventApiCall,\n      'trigger': '',\n      'trigger_type': '',\n      'triggered_form': 'elf',\n      'in_dialog': '',\n      'counter': '1000',\n      'employee': '',\n      'eventId': '',\n      'eventRecurring': 0,\n      'eventTag': \"klinika\",\n      'locationId': \"\"\n    }\n  );\n  var ameliaShortcodeDataTriggered = (typeof ameliaShortcodeDataTriggered === 'undefined') ? [] : ameliaShortcodeDataTriggered;\n  if (ameliaShortcodeData[ameliaShortcodeData.length - 1].trigger !== '') {\n    if (ameliaShortcodeDataTriggered.filter(a => a.counter === ameliaShortcodeData[ameliaShortcodeData.length - 1].counter).length === 0) {\n      ameliaShortcodeDataTriggered.push(ameliaShortcodeData.pop());\n    } else {\n      ameliaShortcodeData.pop()\n    }\n  }\n  if (typeof hasEventApiCall !== 'undefined' && hasEventApiCall) {\n    hasEventApiCall = false;\n  }\n<\/script>\n\n<div\n  id=\"amelia-v2-booking-1000\"\n  class=\"amelia-v2-booking\"\n>\n    <events-list-form-wrapper><\/div>\n<\/pre>\n","protected":false},"excerpt":{"rendered":"<p>Konzultacija u\u017eivo uklju\u010duje detaljan razgovor i analizu laboratorijskih nalaza, anamneze, simptoma, zdravstvenog stanja i prehrambenih navika kako bi se procijenio Va\u0161 metaboli\u010dki status. Na temelju toga dobivate stru\u010dne preporuke za prehranu, regulaciju metabolizma i eventualnu ciljanu suplementaciju te plan daljnjih koraka. <strong>Beograd, Novi Sad, Sarajevo, Banja Luka, Zagreb, Split, Ljubljana, Be\u010d, Podgorica i Skoplje.<\/strong><\/p>","protected":false},"featured_media":3352,"comment_status":"open","ping_status":"closed","template":"","meta":[],"product_brand":[524,279],"product_cat":[262],"product_tag":[252,259,253,243,256,518,255,254,260,251,261,258,517],"class_list":{"0":"post-3262","1":"product","2":"type-product","3":"status-publish","4":"has-post-thumbnail","6":"product_brand-klinicki-pristup","7":"product_brand-lipodieta-by-kenan-mandra","8":"product_cat-konzultacije-uzivo","9":"product_tag-banja-luka","10":"product_tag-bec","11":"product_tag-beograd","12":"product_tag-konzultacije","13":"product_tag-ljubljana","14":"product_tag-moskva","15":"product_tag-novi-pazar","16":"product_tag-novi-sad","17":"product_tag-podgorica","18":"product_tag-sarajevo","19":"product_tag-skoplje","20":"product_tag-split","21":"product_tag-zagreb","23":"first","24":"onbackorder","25":"virtual","26":"taxable","27":"purchasable","28":"product-type-simple"},"aioseo_notices":[],"_links":{"self":[{"href":"https:\/\/si.eurodieta.eu\/sl\/wp-json\/wp\/v2\/product\/3262","targetHints":{"allow":["GET"]}}],"collection":[{"href":"https:\/\/si.eurodieta.eu\/sl\/wp-json\/wp\/v2\/product"}],"about":[{"href":"https:\/\/si.eurodieta.eu\/sl\/wp-json\/wp\/v2\/types\/product"}],"replies":[{"embeddable":true,"href":"https:\/\/si.eurodieta.eu\/sl\/wp-json\/wp\/v2\/comments?post=3262"}],"wp:featuredmedia":[{"embeddable":true,"href":"https:\/\/si.eurodieta.eu\/sl\/wp-json\/wp\/v2\/media\/3352"}],"wp:attachment":[{"href":"https:\/\/si.eurodieta.eu\/sl\/wp-json\/wp\/v2\/media?parent=3262"}],"wp:term":[{"taxonomy":"product_brand","embeddable":true,"href":"https:\/\/si.eurodieta.eu\/sl\/wp-json\/wp\/v2\/product_brand?post=3262"},{"taxonomy":"product_cat","embeddable":true,"href":"https:\/\/si.eurodieta.eu\/sl\/wp-json\/wp\/v2\/product_cat?post=3262"},{"taxonomy":"product_tag","embeddable":true,"href":"https:\/\/si.eurodieta.eu\/sl\/wp-json\/wp\/v2\/product_tag?post=3262"}],"curies":[{"name":"wp","href":"https:\/\/api.w.org\/{rel}","templated":true}]}}