{"id":3266,"date":"2026-03-05T03:16:09","date_gmt":"2026-03-05T03:16:09","guid":{"rendered":"https:\/\/si.eurodieta.eu\/?post_type=product&#038;p=3266"},"modified":"2026-03-13T16:35:49","modified_gmt":"2026-03-13T16:35:49","slug":"vip-metabolicki-program-s-nutrigenetikom-90-dana","status":"publish","type":"product","link":"https:\/\/si.eurodieta.eu\/sl\/product\/vip-metabolicki-program-s-nutrigenetikom-90-dana\/","title":{"rendered":"VIP program za uravnavanje presnove z uporabo nutrigenetike (90 dni)"},"content":{"rendered":"<p data-start=\"46\" data-end=\"470\"><strong>VIP program 90 dana<\/strong> namijenjen je osobama koje \u017eele najdetaljniji i najindividualniji pristup regulaciji metabolizma, prehrane i zdravlja. Program uklju\u010duje <strong data-start=\"195\" data-end=\"232\">nutrigeneti\u010dku analizu (DNA test)<\/strong> kojom se procjenjuju genetske predispozicije vezane uz metabolizam ugljikohidrata, masti, osjetljivost na inzulin, upalne procese, detoksikaciju, mikronutrijente i druge metaboli\u010dke mehanizme koji utje\u010du na Va\u0161e zdravlje i tjelesnu masu.<\/p>\n<p data-start=\"472\" data-end=\"879\">Na temelju <strong data-start=\"483\" data-end=\"564\">DNA analize, laboratorijskih nalaza, anamneze, simptoma i prehrambenih navika<\/strong> izra\u0111uje se <strong data-start=\"577\" data-end=\"618\">personalizirani nutricionisti\u010dki plan<\/strong> koji uklju\u010duje individualni jelovnik, ciljanu suplementaciju i strategiju regulacije metabolizma. Program omogu\u0107uje precizniji i dugoro\u010dniji pristup jer se prehrana i suplementacija uskla\u0111uju ne samo s Va\u0161im trenutnim stanjem nego i s Va\u0161im genetskim profilom.<\/p>\n<p data-start=\"881\" data-end=\"1161\">Program uklju\u010duje <strong data-start=\"899\" data-end=\"953\">stru\u010dne konzultacije u\u017eivo u ordinaciji ili online<\/strong>, ovisno o Va\u0161oj lokaciji i preferencijama. Tokom konzultacija detaljno se obja\u0161njavaju rezultati nutrigeneti\u010dke analize, interpretiraju laboratorijski nalazi te definira strategija prehrane i suplementacije.<\/p>\n<p data-start=\"1163\" data-end=\"1452\">Kao dio programa dobivate <strong data-start=\"1189\" data-end=\"1260\">personalizirani jelovnik i sve preporuke putem LipoDIETA aplikacije<\/strong>, gdje su dostupni obroci, recepti, suplementacija i nutricionisti\u010dki izvje\u0161taj. Aplikacija omogu\u0107uje da sve informacije budu na jednom mjestu i da se plan prehrane prati jasno i kontinuirano.<\/p>\n<p data-start=\"1454\" data-end=\"1628\">VIP program uklju\u010duje i <strong data-start=\"1478\" data-end=\"1560\">kontinuiranu komunikaciju, podr\u0161ku i prilagodbu plana prema reakciji organizma<\/strong>, kako bi se postigli optimalni metaboli\u010dki i zdravstveni rezultati.<\/p>\n<p data-start=\"1630\" data-end=\"1657\">","protected":false},"excerpt":{"rendered":"<div class=\"flex flex-col text-sm pb-25\">\n<article class=\"text-token-text-primary w-full focus:outline-none [--shadow-height:45px] has-data-writing-block:pointer-events-none has-data-writing-block:-mt-(--shadow-height) has-data-writing-block:pt-(--shadow-height) [&amp;:has([data-writing-block])&gt;*]:pointer-events-auto scroll-mt-[calc(var(--header-height)+min(200px,max(70px,20svh)))]\" dir=\"auto\" tabindex=\"-1\" data-turn-id=\"request-69a8c186-4ee0-838c-852b-59abb60f67a7-10\" data-testid=\"conversation-turn-92\" data-scroll-anchor=\"true\" data-turn=\"assistant\">\n<div class=\"text-base my-auto mx-auto pb-10 [--thread-content-margin:--spacing(4)] @w-sm\/main:[--thread-content-margin:--spacing(6)] @w-lg\/main:[--thread-content-margin:--spacing(16)] px-(--thread-content-margin)\">\n<div class=\"[--thread-content-max-width:40rem] @w-lg\/main:[--thread-content-max-width:48rem] mx-auto max-w-(--thread-content-max-width) flex-1 group\/turn-messages focus-visible:outline-hidden relative flex w-full min-w-0 flex-col agent-turn\" tabindex=\"-1\">\n<div class=\"flex max-w-full flex-col grow\">\n<div class=\"min-h-8 text-message relative flex w-full flex-col items-end gap-2 text-start break-words whitespace-normal [.text-message+&amp;]:mt-1\" dir=\"auto\" data-message-author-role=\"assistant\" data-message-id=\"25c773f7-95fc-4408-bd77-a16859b703e2\" data-message-model-slug=\"gpt-5-3\">\n<div class=\"flex w-full flex-col gap-1 empty:hidden first:pt-[1px]\">\n<div class=\"markdown prose dark:prose-invert w-full wrap-break-word dark markdown-new-styling\">\n<p data-start=\"0\" data-end=\"493\" data-is-last-node=\"\" data-is-only-node=\"\"><strong data-start=\"0\" data-end=\"66\" data-is-only-node=\"\">VIP metaboli\u010dki program (nutrigenetika + personalizirani plan 90 dana)<\/strong> uklju\u010duje nutrigeneti\u010dku (DNA) analizu, detaljnu procjenu laboratorijskih nalaza, anamneze i simptoma te izradu individualnog jelovnika i ciljane suplementacije. Program uklju\u010duje <strong data-start=\"247\" data-end=\"301\">stru\u010dne konzultacije u\u017eivo u ordinaciji ili online<\/strong>, uz kontinuiranu komunikaciju i prilagodbu plana prema reakciji organizma. Personalizirani jelovnik, preporuke i nutricionisti\u010dki izvje\u0161taj dostupni su putem <strong data-start=\"460\" data-end=\"492\">LipoDIETA mobilne aplikacije<\/strong>.<\/p>\n<\/div>\n<\/div>\n<\/div>\n<\/div>\n<div class=\"z-0 flex min-h-[46px] justify-start\"><\/div>\n<div class=\"mt-3 w-full empty:hidden\">\n<div class=\"text-center\"><\/div>\n<\/div>\n<\/div>\n<\/div>\n<\/article>\n<\/div>\n<div class=\"pointer-events-none h-px w-px absolute bottom-0\" aria-hidden=\"true\" data-edge=\"true\"><\/div>\n","protected":false},"featured_media":3350,"comment_status":"open","ping_status":"closed","template":"","meta":[],"product_brand":[524,279],"product_cat":[246],"product_tag":[249,266,264],"class_list":{"0":"post-3266","1":"product","2":"type-product","3":"status-publish","4":"has-post-thumbnail","6":"product_brand-klinicki-pristup","7":"product_brand-lipodieta-by-kenan-mandra","8":"product_cat-personalni-jelovnik","9":"product_tag-applipo","10":"product_tag-nutrigenetika","11":"product_tag-personalizirnai-jelovnik","13":"first","14":"instock","15":"virtual","16":"taxable","17":"purchasable","18":"product-type-simple"},"aioseo_notices":[],"_links":{"self":[{"href":"https:\/\/si.eurodieta.eu\/sl\/wp-json\/wp\/v2\/product\/3266","targetHints":{"allow":["GET"]}}],"collection":[{"href":"https:\/\/si.eurodieta.eu\/sl\/wp-json\/wp\/v2\/product"}],"about":[{"href":"https:\/\/si.eurodieta.eu\/sl\/wp-json\/wp\/v2\/types\/product"}],"replies":[{"embeddable":true,"href":"https:\/\/si.eurodieta.eu\/sl\/wp-json\/wp\/v2\/comments?post=3266"}],"wp:featuredmedia":[{"embeddable":true,"href":"https:\/\/si.eurodieta.eu\/sl\/wp-json\/wp\/v2\/media\/3350"}],"wp:attachment":[{"href":"https:\/\/si.eurodieta.eu\/sl\/wp-json\/wp\/v2\/media?parent=3266"}],"wp:term":[{"taxonomy":"product_brand","embeddable":true,"href":"https:\/\/si.eurodieta.eu\/sl\/wp-json\/wp\/v2\/product_brand?post=3266"},{"taxonomy":"product_cat","embeddable":true,"href":"https:\/\/si.eurodieta.eu\/sl\/wp-json\/wp\/v2\/product_cat?post=3266"},{"taxonomy":"product_tag","embeddable":true,"href":"https:\/\/si.eurodieta.eu\/sl\/wp-json\/wp\/v2\/product_tag?post=3266"}],"curies":[{"name":"wp","href":"https:\/\/api.w.org\/{rel}","templated":true}]}}